{"id":12,"date":"2025-01-10T03:45:39","date_gmt":"2025-01-10T02:45:39","guid":{"rendered":"http:\/\/mg2isarl.com\/?page_id=12"},"modified":"2025-01-13T11:46:32","modified_gmt":"2025-01-13T11:46:32","slug":"accueil","status":"publish","type":"page","link":"https:\/\/mg2isarl.com\/","title":{"rendered":"Accueil"},"content":{"rendered":"\t\t<div data-elementor-type=\"wp-page\" data-elementor-id=\"12\" class=\"elementor elementor-12\" data-elementor-settings=\"{&quot;ha_cmc_init_switcher&quot;:&quot;no&quot;}\">\n\t\t\t\t\t\t<section class=\"elementor-section elementor-top-section elementor-element elementor-element-250744bb elementor-section-height-min-height elementor-section-boxed elementor-section-height-default elementor-section-items-middle\" data-id=\"250744bb\" data-element_type=\"section\" data-settings=\"{&quot;background_background&quot;:&quot;slideshow&quot;,&quot;background_slideshow_gallery&quot;:[{&quot;id&quot;:&quot;119&quot;,&quot;url&quot;:&quot;http:\\\/\\\/mg2isarl.com\\\/wp-content\\\/uploads\\\/2025\\\/01\\\/laying-roof-tiles.jpg&quot;},{&quot;id&quot;:&quot;50&quot;,&quot;url&quot;:&quot;http:\\\/\\\/mg2isarl.com\\\/wp-content\\\/uploads\\\/2025\\\/01\\\/roofing-construction-job.jpg&quot;}],&quot;background_slideshow_ken_burns&quot;:&quot;yes&quot;,&quot;background_slideshow_loop&quot;:&quot;yes&quot;,&quot;background_slideshow_slide_duration&quot;:5000,&quot;background_slideshow_slide_transition&quot;:&quot;fade&quot;,&quot;background_slideshow_transition_duration&quot;:500,&quot;background_slideshow_ken_burns_zoom_direction&quot;:&quot;in&quot;,&quot;_ha_eqh_enable&quot;:false}\">\n\t\t\t\t\t\t\t<div class=\"elementor-background-overlay\"><\/div>\n\t\t\t\t\t\t\t<div class=\"elementor-container elementor-column-gap-default\">\n\t\t\t\t\t<div class=\"elementor-column elementor-col-50 elementor-top-column elementor-element elementor-element-e27eb38\" data-id=\"e27eb38\" data-element_type=\"column\">\n\t\t\t<div class=\"elementor-widget-wrap elementor-element-populated\">\n\t\t\t\t\t\t<div class=\"elementor-element elementor-element-8f502e9 elementor-widget elementor-widget-heading\" data-id=\"8f502e9\" data-element_type=\"widget\" data-widget_type=\"heading.default\">\n\t\t\t\t<div class=\"elementor-widget-container\">\n\t\t\t\t\t<h2 class=\"elementor-heading-title elementor-size-default\">Cr\u00e9ons ensemble votre projet de vie<\/h2>\t\t\t\t<\/div>\n\t\t\t\t<\/div>\n\t\t\t\t<div class=\"elementor-element elementor-element-6984627 elementor-widget elementor-widget-text-editor\" data-id=\"6984627\" data-element_type=\"widget\" data-widget_type=\"text-editor.default\">\n\t\t\t\t<div class=\"elementor-widget-container\">\n\t\t\t\t\t\t\t\t\t<p>\u00a0<span class=\"fontstyle0\">MG2I SARL <\/span><span class=\"fontstyle2\">construit le nouveau standard de confiance et de qualit\u00e9 pour vos travaux. <\/span><span class=\"fontstyle2\">MG2I, cr\u00e9\u00e9e il y a 4 ans, est une soci\u00e9t\u00e9 Ivoirienne agissant dans l&rsquo;immobilier.<\/span><\/p>\t\t\t\t\t\t\t\t<\/div>\n\t\t\t\t<\/div>\n\t\t\t\t<div class=\"elementor-element elementor-element-1aa2948 elementor-widget elementor-widget-premium-addon-button\" data-id=\"1aa2948\" data-element_type=\"widget\" data-widget_type=\"premium-addon-button.default\">\n\t\t\t\t<div class=\"elementor-widget-container\">\n\t\t\t\t\t\r\n\r\n\t\t<a class=\"premium-button premium-button-none premium-btn-md premium-button-none\" href=\"http:\/\/mg2isarl.com\/index.php\/services\/\">\r\n\t\t\t<div class=\"premium-button-text-icon-wrapper\">\r\n\t\t\t\t\r\n\t\t\t\t\t\t\t\t\t<span >\r\n\t\t\t\t\t\tNos services\t\t\t\t\t<\/span>\r\n\t\t\t\t\r\n\t\t\t\t\t\t\t<\/div>\r\n\r\n\t\t\t\r\n\t\t\t\r\n\t\t\t\r\n\t\t<\/a>\r\n\r\n\r\n\t\t\t\t\t\t<\/div>\n\t\t\t\t<\/div>\n\t\t\t\t\t<\/div>\n\t\t<\/div>\n\t\t\t\t<div class=\"elementor-column elementor-col-50 elementor-top-column elementor-element elementor-element-58c4968 elementor-hidden-tablet elementor-hidden-mobile\" data-id=\"58c4968\" data-element_type=\"column\">\n\t\t\t<div class=\"elementor-widget-wrap\">\n\t\t\t\t\t\t\t<\/div>\n\t\t<\/div>\n\t\t\t\t\t<\/div>\n\t\t<\/section>\n\t\t\t\t<section class=\"elementor-section elementor-top-section elementor-element elementor-element-3a2b9f72 elementor-section-boxed elementor-section-height-default elementor-section-height-default\" data-id=\"3a2b9f72\" data-element_type=\"section\" data-settings=\"{&quot;background_background&quot;:&quot;classic&quot;,&quot;_ha_eqh_enable&quot;:false}\">\n\t\t\t\t\t\t\t<div class=\"elementor-background-overlay\"><\/div>\n\t\t\t\t\t\t\t<div class=\"elementor-container elementor-column-gap-default\">\n\t\t\t\t\t<div class=\"elementor-column elementor-col-100 elementor-top-column elementor-element elementor-element-27018b84\" data-id=\"27018b84\" data-element_type=\"column\" data-settings=\"{&quot;background_background&quot;:&quot;classic&quot;}\">\n\t\t\t<div class=\"elementor-widget-wrap elementor-element-populated\">\n\t\t\t\t\t\t<section class=\"elementor-section elementor-inner-section elementor-element elementor-element-740e4fa5 elementor-section-boxed elementor-section-height-default elementor-section-height-default\" data-id=\"740e4fa5\" data-element_type=\"section\" data-settings=\"{&quot;_ha_eqh_enable&quot;:false}\">\n\t\t\t\t\t\t<div class=\"elementor-container elementor-column-gap-default\">\n\t\t\t\t\t<div class=\"elementor-column elementor-col-50 elementor-inner-column elementor-element elementor-element-556bd7fc\" data-id=\"556bd7fc\" data-element_type=\"column\" data-settings=\"{&quot;background_background&quot;:&quot;classic&quot;}\">\n\t\t\t<div class=\"elementor-widget-wrap elementor-element-populated\">\n\t\t\t\t\t\t<div class=\"elementor-element elementor-element-5527829 elementor-widget-divider--view-line_text elementor-widget-divider--element-align-right elementor-widget-mobile__width-initial elementor-widget elementor-widget-divider\" data-id=\"5527829\" data-element_type=\"widget\" data-widget_type=\"divider.default\">\n\t\t\t\t<div class=\"elementor-widget-container\">\n\t\t\t\t\t\t\t<div class=\"elementor-divider\">\n\t\t\t<span class=\"elementor-divider-separator\">\n\t\t\t\t\t\t\t<div class=\"elementor-divider__text elementor-divider__element\">\n\t\t\t\tLE MOT DU DIRECTEUR G\u00c9N\u00c9RAL\t\t\t\t<\/div>\n\t\t\t\t\t\t<\/span>\n\t\t<\/div>\n\t\t\t\t\t\t<\/div>\n\t\t\t\t<\/div>\n\t\t\t\t<div class=\"elementor-element elementor-element-4446ff9d elementor-widget elementor-widget-text-editor\" data-id=\"4446ff9d\" data-element_type=\"widget\" data-widget_type=\"text-editor.default\">\n\t\t\t\t<div class=\"elementor-widget-container\">\n\t\t\t\t\t\t\t\t\t<p>\u00a0<span class=\"fontstyle0\">En tant que promoteur immobilier, nous avons une responsabilit\u00e9 sociale et environnementale. Nous nous devons d\u2019en prendre la pleine mesure dans chacune de nos r\u00e9alisations.<\/span><\/p>\t\t\t\t\t\t\t\t<\/div>\n\t\t\t\t<\/div>\n\t\t\t\t<div class=\"elementor-element elementor-element-1ba4b590 elementor-widget elementor-widget-button\" data-id=\"1ba4b590\" data-element_type=\"widget\" data-widget_type=\"button.default\">\n\t\t\t\t<div class=\"elementor-widget-container\">\n\t\t\t\t\t\t\t\t\t<div class=\"elementor-button-wrapper\">\n\t\t\t\t\t<a class=\"elementor-button elementor-button-link elementor-size-sm\" href=\"http:\/\/mg2isarl.com\/index.php\/lentreprise\/\">\n\t\t\t\t\t\t<span class=\"elementor-button-content-wrapper\">\n\t\t\t\t\t\t\t\t\t<span class=\"elementor-button-text\">L'entreprise<\/span>\n\t\t\t\t\t<\/span>\n\t\t\t\t\t<\/a>\n\t\t\t\t<\/div>\n\t\t\t\t\t\t\t\t<\/div>\n\t\t\t\t<\/div>\n\t\t\t\t\t<\/div>\n\t\t<\/div>\n\t\t\t\t<div class=\"elementor-column elementor-col-50 elementor-inner-column elementor-element elementor-element-331b72fe elementor-invisible\" data-id=\"331b72fe\" data-element_type=\"column\" data-settings=\"{&quot;animation&quot;:&quot;slideInRight&quot;}\">\n\t\t\t<div class=\"elementor-widget-wrap elementor-element-populated\">\n\t\t\t\t\t\t<div class=\"elementor-element elementor-element-4611522 elementor-widget elementor-widget-image\" data-id=\"4611522\" data-element_type=\"widget\" data-widget_type=\"image.default\">\n\t\t\t\t<div class=\"elementor-widget-container\">\n\t\t\t\t\t\t\t\t\t\t\t\t\t\t\t<img fetchpriority=\"high\" decoding=\"async\" width=\"1080\" height=\"720\" src=\"http:\/\/mg2isarl.com\/wp-content\/uploads\/2025\/01\/exterior-view-of-red-brick-cottages-with-snow-covered-roofs-along-a-rural-road-.jpg\" class=\"attachment-full size-full wp-image-47\" alt=\"\" srcset=\"http:\/\/mg2isarl.com\/wp-content\/uploads\/2025\/01\/exterior-view-of-red-brick-cottages-with-snow-covered-roofs-along-a-rural-road-.jpg 1080w, http:\/\/mg2isarl.com\/wp-content\/uploads\/2025\/01\/exterior-view-of-red-brick-cottages-with-snow-covered-roofs-along-a-rural-road--300x200.jpg 300w, http:\/\/mg2isarl.com\/wp-content\/uploads\/2025\/01\/exterior-view-of-red-brick-cottages-with-snow-covered-roofs-along-a-rural-road--1024x683.jpg 1024w, http:\/\/mg2isarl.com\/wp-content\/uploads\/2025\/01\/exterior-view-of-red-brick-cottages-with-snow-covered-roofs-along-a-rural-road--768x512.jpg 768w\" sizes=\"(max-width: 1080px) 100vw, 1080px\" \/>\t\t\t\t\t\t\t\t\t\t\t\t\t\t\t<\/div>\n\t\t\t\t<\/div>\n\t\t\t\t\t<\/div>\n\t\t<\/div>\n\t\t\t\t\t<\/div>\n\t\t<\/section>\n\t\t\t\t\t<\/div>\n\t\t<\/div>\n\t\t\t\t\t<\/div>\n\t\t<\/section>\n\t\t\t\t<section class=\"elementor-section elementor-top-section elementor-element elementor-element-7a778c5f elementor-section-boxed elementor-section-height-default elementor-section-height-default\" data-id=\"7a778c5f\" data-element_type=\"section\" data-settings=\"{&quot;background_background&quot;:&quot;classic&quot;,&quot;shape_divider_top&quot;:&quot;tilt&quot;,&quot;shape_divider_bottom&quot;:&quot;tilt&quot;,&quot;_ha_eqh_enable&quot;:false}\">\n\t\t\t\t\t\t\t<div class=\"elementor-background-overlay\"><\/div>\n\t\t\t\t\t\t<div class=\"elementor-shape elementor-shape-top\" data-negative=\"false\">\n\t\t\t<svg xmlns=\"http:\/\/www.w3.org\/2000\/svg\" viewBox=\"0 0 1000 100\" preserveAspectRatio=\"none\">\n\t<path class=\"elementor-shape-fill\" d=\"M0,6V0h1000v100L0,6z\"\/>\n<\/svg>\t\t<\/div>\n\t\t\t\t<div class=\"elementor-shape elementor-shape-bottom\" data-negative=\"false\">\n\t\t\t<svg xmlns=\"http:\/\/www.w3.org\/2000\/svg\" viewBox=\"0 0 1000 100\" preserveAspectRatio=\"none\">\n\t<path class=\"elementor-shape-fill\" d=\"M0,6V0h1000v100L0,6z\"\/>\n<\/svg>\t\t<\/div>\n\t\t\t\t\t<div class=\"elementor-container elementor-column-gap-default\">\n\t\t\t\t\t<div class=\"elementor-column elementor-col-100 elementor-top-column elementor-element elementor-element-3c49e1d4 elementor-invisible\" data-id=\"3c49e1d4\" data-element_type=\"column\" data-settings=\"{&quot;animation&quot;:&quot;slideInLeft&quot;}\">\n\t\t\t<div class=\"elementor-widget-wrap elementor-element-populated\">\n\t\t\t\t\t\t<div class=\"elementor-element elementor-element-29b8f431 elementor-widget-divider--view-line_text elementor-widget-divider--element-align-right elementor-widget elementor-widget-divider\" data-id=\"29b8f431\" data-element_type=\"widget\" data-widget_type=\"divider.default\">\n\t\t\t\t<div class=\"elementor-widget-container\">\n\t\t\t\t\t\t\t<div class=\"elementor-divider\">\n\t\t\t<span class=\"elementor-divider-separator\">\n\t\t\t\t\t\t\t<div class=\"elementor-divider__text elementor-divider__element\">\n\t\t\t\tMisions & Visions\t\t\t\t<\/div>\n\t\t\t\t\t\t<\/span>\n\t\t<\/div>\n\t\t\t\t\t\t<\/div>\n\t\t\t\t<\/div>\n\t\t\t\t\t<\/div>\n\t\t<\/div>\n\t\t\t\t\t<\/div>\n\t\t<\/section>\n\t\t\t\t<section class=\"elementor-section elementor-top-section elementor-element elementor-element-76493ab elementor-section-boxed elementor-section-height-default elementor-section-height-default\" data-id=\"76493ab\" data-element_type=\"section\" data-settings=\"{&quot;_ha_eqh_enable&quot;:false}\">\n\t\t\t\t\t\t<div class=\"elementor-container elementor-column-gap-default\">\n\t\t\t\t\t<div class=\"elementor-column elementor-col-100 elementor-top-column elementor-element elementor-element-618e8af6\" data-id=\"618e8af6\" data-element_type=\"column\">\n\t\t\t<div class=\"elementor-widget-wrap elementor-element-populated\">\n\t\t\t\t\t\t<section class=\"elementor-section elementor-inner-section elementor-element elementor-element-3283863c elementor-section-boxed elementor-section-height-default elementor-section-height-default\" data-id=\"3283863c\" data-element_type=\"section\" data-settings=\"{&quot;_ha_eqh_enable&quot;:false}\">\n\t\t\t\t\t\t<div class=\"elementor-container elementor-column-gap-default\">\n\t\t\t\t\t<div class=\"elementor-column elementor-col-50 elementor-inner-column elementor-element elementor-element-3821678f elementor-invisible\" data-id=\"3821678f\" data-element_type=\"column\" data-settings=\"{&quot;animation&quot;:&quot;fadeInDown&quot;}\">\n\t\t\t<div class=\"elementor-widget-wrap elementor-element-populated\">\n\t\t\t\t\t\t<div class=\"elementor-element elementor-element-2a4fa0b7 ekit-equal-height-disable elementor-widget elementor-widget-elementskit-image-box\" data-id=\"2a4fa0b7\" data-element_type=\"widget\" data-widget_type=\"elementskit-image-box.default\">\n\t\t\t\t<div class=\"elementor-widget-container\">\n\t\t\t\t\t<div class=\"ekit-wid-con\" >\n            <div class=\"elementskit-info-image-box ekit-image-box text-left simple-card\" >\n\n                \n                <div class=\"elementskit-box-header image-box-img-left\">\n\n                    <img decoding=\"async\" width=\"1080\" height=\"735\" src=\"http:\/\/mg2isarl.com\/wp-content\/uploads\/2025\/01\/ceramic-roof-tiles-installation.jpg\" class=\"attachment-full size-full wp-image-78\" alt=\"\" srcset=\"http:\/\/mg2isarl.com\/wp-content\/uploads\/2025\/01\/ceramic-roof-tiles-installation.jpg 1080w, http:\/\/mg2isarl.com\/wp-content\/uploads\/2025\/01\/ceramic-roof-tiles-installation-300x204.jpg 300w, http:\/\/mg2isarl.com\/wp-content\/uploads\/2025\/01\/ceramic-roof-tiles-installation-1024x697.jpg 1024w, http:\/\/mg2isarl.com\/wp-content\/uploads\/2025\/01\/ceramic-roof-tiles-installation-768x523.jpg 768w\" sizes=\"(max-width: 1080px) 100vw, 1080px\" \/>\n                <\/div>\n                \n                <div class=\"elementskit-box-body ekit-image-box-body\">\n                    <div class=\"elementskit-box-content ekit-image-box-body-inner\">\n                                                <div class=\"elementskit-info-box-title\">\n\n                        Mission\n                        \n                    <\/div>\n                                                            <div class=\"elementskit-box-style-content\">\n                        Offrir des services de construction innovants et r\u00e9pondant r\u00e9ellement aux besoins de\nla soci\u00e9t\u00e9, face aux enjeux de l\u2019urbanisation, et \u00eatre moteur du d\u00e9veloppement de\nl\u2019industrie de la construction et de l\u2019immobilier en Afrique et en particulier en C\u00f4te\nd\u2019Ivoire.                    <\/div>\n                                    <\/div>\n\n                                <div class=\"elementskit-box-footer\">\n                    <div class=\"box-footer\">\n                        <div class=\"btn-wraper\">\n                                                            <a href=\"http:\/\/mg2isarl.com\/index.php\/lentreprise\/\" class=\"elementskit-btn whitespace--normal\">\n                                    \n                                    \n                                    Voir plus                                <\/a>\n                                                        <\/div>\n                    <\/div>\n                <\/div>\n                            <\/div>\n            <\/div>\n    <\/div>\t\t\t\t<\/div>\n\t\t\t\t<\/div>\n\t\t\t\t\t<\/div>\n\t\t<\/div>\n\t\t\t\t<div class=\"elementor-column elementor-col-50 elementor-inner-column elementor-element elementor-element-a7dfd06 elementor-invisible\" data-id=\"a7dfd06\" data-element_type=\"column\" data-settings=\"{&quot;animation&quot;:&quot;fadeInDown&quot;}\">\n\t\t\t<div class=\"elementor-widget-wrap elementor-element-populated\">\n\t\t\t\t\t\t<div class=\"elementor-element elementor-element-da0db33 ekit-equal-height-disable elementor-widget elementor-widget-elementskit-image-box\" data-id=\"da0db33\" data-element_type=\"widget\" data-widget_type=\"elementskit-image-box.default\">\n\t\t\t\t<div class=\"elementor-widget-container\">\n\t\t\t\t\t<div class=\"ekit-wid-con\" >\n            <div class=\"elementskit-info-image-box ekit-image-box text-left simple-card\" >\n\n                \n                <div class=\"elementskit-box-header image-box-img-left\">\n\n                    <img decoding=\"async\" width=\"1080\" height=\"735\" src=\"http:\/\/mg2isarl.com\/wp-content\/uploads\/2025\/01\/ceramic-roof-tiles-installation.jpg\" class=\"attachment-full size-full wp-image-78\" alt=\"\" srcset=\"http:\/\/mg2isarl.com\/wp-content\/uploads\/2025\/01\/ceramic-roof-tiles-installation.jpg 1080w, http:\/\/mg2isarl.com\/wp-content\/uploads\/2025\/01\/ceramic-roof-tiles-installation-300x204.jpg 300w, http:\/\/mg2isarl.com\/wp-content\/uploads\/2025\/01\/ceramic-roof-tiles-installation-1024x697.jpg 1024w, http:\/\/mg2isarl.com\/wp-content\/uploads\/2025\/01\/ceramic-roof-tiles-installation-768x523.jpg 768w\" sizes=\"(max-width: 1080px) 100vw, 1080px\" \/>\n                <\/div>\n                \n                <div class=\"elementskit-box-body ekit-image-box-body\">\n                    <div class=\"elementskit-box-content ekit-image-box-body-inner\">\n                                                <div class=\"elementskit-info-box-title\">\n\n                        Vision\n                        \n                    <\/div>\n                                                            <div class=\"elementskit-box-style-content\">\n                        Se positionner toujours en leader de l\u2019industrie de la construction et transmettre des\nvaleurs telles que la passion pour l\u2019excellence et l\u2019int\u00e9grit\u00e9 pour b\u00e2tir une Afrique plus\nforte et plus unie.<\/br>\n<strong>- Objectifs principaux<\/strong><\/br>\n\u2022 Respect de la qualit\u00e9 et du d\u00e9lai<\/br>\n\u2022 Acc\u00e8s au logement pour tous<\/br>\n\u2022 Politique de d\u00e9veloppement durable                    <\/div>\n                                    <\/div>\n\n                                <div class=\"elementskit-box-footer\">\n                    <div class=\"box-footer\">\n                        <div class=\"btn-wraper\">\n                                                            <a href=\"http:\/\/mg2isarl.com\/index.php\/lentreprise\/\" class=\"elementskit-btn whitespace--normal\">\n                                    \n                                    \n                                    Voir plus                                <\/a>\n                                                        <\/div>\n                    <\/div>\n                <\/div>\n                            <\/div>\n            <\/div>\n    <\/div>\t\t\t\t<\/div>\n\t\t\t\t<\/div>\n\t\t\t\t\t<\/div>\n\t\t<\/div>\n\t\t\t\t\t<\/div>\n\t\t<\/section>\n\t\t\t\t\t<\/div>\n\t\t<\/div>\n\t\t\t\t\t<\/div>\n\t\t<\/section>\n\t\t\t\t<section class=\"elementor-section elementor-top-section elementor-element elementor-element-7eb21d0c elementor-section-boxed elementor-section-height-default elementor-section-height-default\" data-id=\"7eb21d0c\" data-element_type=\"section\" data-settings=\"{&quot;_ha_eqh_enable&quot;:false}\">\n\t\t\t\t\t\t\t<div class=\"elementor-background-overlay\"><\/div>\n\t\t\t\t\t\t\t<div class=\"elementor-container elementor-column-gap-default\">\n\t\t\t\t\t<div class=\"elementor-column elementor-col-100 elementor-top-column elementor-element elementor-element-3f0108d7\" data-id=\"3f0108d7\" data-element_type=\"column\">\n\t\t\t<div class=\"elementor-widget-wrap elementor-element-populated\">\n\t\t\t\t\t\t<div class=\"elementor-element elementor-element-46372b70 elementor-widget elementor-widget-heading\" data-id=\"46372b70\" data-element_type=\"widget\" data-widget_type=\"heading.default\">\n\t\t\t\t<div class=\"elementor-widget-container\">\n\t\t\t\t\t<h2 class=\"elementor-heading-title elementor-size-default\">Besoin de plus d'informations ?<\/h2>\t\t\t\t<\/div>\n\t\t\t\t<\/div>\n\t\t\t\t<div class=\"elementor-element elementor-element-6565e415 elementor-widget elementor-widget-text-editor\" data-id=\"6565e415\" data-element_type=\"widget\" data-widget_type=\"text-editor.default\">\n\t\t\t\t<div class=\"elementor-widget-container\">\n\t\t\t\t\t\t\t\t\t<p>Contactez-nous<\/p>\t\t\t\t\t\t\t\t<\/div>\n\t\t\t\t<\/div>\n\t\t\t\t<div class=\"elementor-element elementor-element-7d5758e1 elementor-align-center elementor-invisible elementor-widget elementor-widget-button\" data-id=\"7d5758e1\" data-element_type=\"widget\" data-settings=\"{&quot;_animation&quot;:&quot;bounceInLeft&quot;}\" data-widget_type=\"button.default\">\n\t\t\t\t<div class=\"elementor-widget-container\">\n\t\t\t\t\t\t\t\t\t<div class=\"elementor-button-wrapper\">\n\t\t\t\t\t<a class=\"elementor-button elementor-button-link elementor-size-md\" href=\"http:\/\/mg2isarl.com\/index.php\/contacts\/\">\n\t\t\t\t\t\t<span class=\"elementor-button-content-wrapper\">\n\t\t\t\t\t\t<span class=\"elementor-button-icon\">\n\t\t\t\t<svg aria-hidden=\"true\" class=\"e-font-icon-svg e-fas-arrow-circle-right\" viewBox=\"0 0 512 512\" xmlns=\"http:\/\/www.w3.org\/2000\/svg\"><path d=\"M256 8c137 0 248 111 248 248S393 504 256 504 8 393 8 256 119 8 256 8zm-28.9 143.6l75.5 72.4H120c-13.3 0-24 10.7-24 24v16c0 13.3 10.7 24 24 24h182.6l-75.5 72.4c-9.7 9.3-9.9 24.8-.4 34.3l11 10.9c9.4 9.4 24.6 9.4 33.9 0L404.3 273c9.4-9.4 9.4-24.6 0-33.9L271.6 106.3c-9.4-9.4-24.6-9.4-33.9 0l-11 10.9c-9.5 9.6-9.3 25.1.4 34.4z\"><\/path><\/svg>\t\t\t<\/span>\n\t\t\t\t\t\t\t\t\t<span class=\"elementor-button-text\">Contacts<\/span>\n\t\t\t\t\t<\/span>\n\t\t\t\t\t<\/a>\n\t\t\t\t<\/div>\n\t\t\t\t\t\t\t\t<\/div>\n\t\t\t\t<\/div>\n\t\t\t\t\t<\/div>\n\t\t<\/div>\n\t\t\t\t\t<\/div>\n\t\t<\/section>\n\t\t\t\t<\/div>\n\t\t","protected":false},"excerpt":{"rendered":"<p>Cr\u00e9ons ensemble votre projet de vie \u00a0MG2I SARL construit le nouveau standard de confiance et de qualit\u00e9 pour vos travaux. MG2I, cr\u00e9\u00e9e il y a 4 ans, est une soci\u00e9t\u00e9 Ivoirienne agissant dans l&rsquo;immobilier. Nos services LE MOT DU DIRECTEUR G\u00c9N\u00c9RAL \u00a0En tant que promoteur immobilier, nous avons une responsabilit\u00e9 sociale et environnementale. Nous nous [&hellip;]<\/p>\n","protected":false},"author":1,"featured_media":0,"parent":0,"menu_order":0,"comment_status":"closed","ping_status":"closed","template":"elementor_header_footer","meta":{"footnotes":""},"class_list":["post-12","page","type-page","status-publish","hentry"],"blocksy_meta":[],"_links":{"self":[{"href":"https:\/\/mg2isarl.com\/index.php\/wp-json\/wp\/v2\/pages\/12","targetHints":{"allow":["GET"]}}],"collection":[{"href":"https:\/\/mg2isarl.com\/index.php\/wp-json\/wp\/v2\/pages"}],"about":[{"href":"https:\/\/mg2isarl.com\/index.php\/wp-json\/wp\/v2\/types\/page"}],"author":[{"embeddable":true,"href":"https:\/\/mg2isarl.com\/index.php\/wp-json\/wp\/v2\/users\/1"}],"replies":[{"embeddable":true,"href":"https:\/\/mg2isarl.com\/index.php\/wp-json\/wp\/v2\/comments?post=12"}],"version-history":[{"count":55,"href":"https:\/\/mg2isarl.com\/index.php\/wp-json\/wp\/v2\/pages\/12\/revisions"}],"predecessor-version":[{"id":442,"href":"https:\/\/mg2isarl.com\/index.php\/wp-json\/wp\/v2\/pages\/12\/revisions\/442"}],"wp:attachment":[{"href":"https:\/\/mg2isarl.com\/index.php\/wp-json\/wp\/v2\/media?parent=12"}],"curies":[{"name":"wp","href":"https:\/\/api.w.org\/{rel}","templated":true}]}}