{"id":352,"date":"2025-01-10T15:00:21","date_gmt":"2025-01-10T15:00:21","guid":{"rendered":"http:\/\/mg2isarl.com\/?page_id=352"},"modified":"2025-01-10T15:25:14","modified_gmt":"2025-01-10T15:25:14","slug":"construction-et-renovation","status":"publish","type":"page","link":"http:\/\/mg2isarl.com\/index.php\/construction-et-renovation\/","title":{"rendered":"Construction et R\u00e9novation"},"content":{"rendered":"\t\t<div data-elementor-type=\"wp-page\" data-elementor-id=\"352\" class=\"elementor elementor-352\" data-elementor-settings=\"{&quot;ha_cmc_init_switcher&quot;:&quot;no&quot;}\">\n\t\t\t\t\t\t<section class=\"elementor-section elementor-top-section elementor-element elementor-element-1b8a1c53 elementor-section-boxed elementor-section-height-default elementor-section-height-default\" data-id=\"1b8a1c53\" data-element_type=\"section\" data-settings=\"{&quot;background_background&quot;:&quot;classic&quot;,&quot;_ha_eqh_enable&quot;:false}\">\n\t\t\t\t\t\t\t<div class=\"elementor-background-overlay\"><\/div>\n\t\t\t\t\t\t\t<div class=\"elementor-container elementor-column-gap-default\">\n\t\t\t\t\t<div class=\"elementor-column elementor-col-100 elementor-top-column elementor-element elementor-element-796fb683\" data-id=\"796fb683\" data-element_type=\"column\">\n\t\t\t<div class=\"elementor-widget-wrap elementor-element-populated\">\n\t\t\t\t\t\t<section class=\"elementor-section elementor-inner-section elementor-element elementor-element-1e2c6bd7 elementor-section-content-bottom elementor-section-boxed elementor-section-height-default elementor-section-height-default\" data-id=\"1e2c6bd7\" data-element_type=\"section\" data-settings=\"{&quot;_ha_eqh_enable&quot;:false}\">\n\t\t\t\t\t\t<div class=\"elementor-container elementor-column-gap-default\">\n\t\t\t\t\t<div class=\"elementor-column elementor-col-50 elementor-inner-column elementor-element elementor-element-1ec77d1d\" data-id=\"1ec77d1d\" data-element_type=\"column\">\n\t\t\t<div class=\"elementor-widget-wrap elementor-element-populated\">\n\t\t\t\t\t\t<div class=\"elementor-element elementor-element-305aac04 elementor-invisible elementor-widget elementor-widget-elementskit-heading\" data-id=\"305aac04\" data-element_type=\"widget\" data-settings=\"{&quot;_animation&quot;:&quot;slideInRight&quot;}\" data-widget_type=\"elementskit-heading.default\">\n\t\t\t\t<div class=\"elementor-widget-container\">\n\t\t\t\t\t<div class=\"ekit-wid-con\" ><div class=\"ekit-heading elementskit-section-title-wraper text_left   ekit_heading_tablet-   ekit_heading_mobile-text_center\"><div class=\"ekit-heading--title elementskit-section-title \">Construction et R\u00e9novation<\/div><div class=\"ekit_heading_separetor_wraper ekit_heading_elementskit-border-divider elementskit-style-long\"><div class=\"elementskit-border-divider elementskit-style-long\"><\/div><\/div><\/div><\/div>\t\t\t\t<\/div>\n\t\t\t\t<\/div>\n\t\t\t\t<div class=\"elementor-element elementor-element-8ef31c2 elementor-widget elementor-widget-text-editor\" data-id=\"8ef31c2\" data-element_type=\"widget\" data-widget_type=\"text-editor.default\">\n\t\t\t\t<div class=\"elementor-widget-container\">\n\t\t\t\t\t\t\t\t\t<p>\u00a0<span class=\"fontstyle0\">Notre Expertise \u00e0 votre disposition<\/span> <\/p>\t\t\t\t\t\t\t\t<\/div>\n\t\t\t\t<\/div>\n\t\t\t\t\t<\/div>\n\t\t<\/div>\n\t\t\t\t<div class=\"elementor-column elementor-col-50 elementor-inner-column elementor-element elementor-element-6a60722f\" data-id=\"6a60722f\" data-element_type=\"column\">\n\t\t\t<div class=\"elementor-widget-wrap elementor-element-populated\">\n\t\t\t\t\t\t<div class=\"elementor-element elementor-element-19c96010 elementor-icon-list--layout-inline elementor-align-right elementor-mobile-align-center elementor-list-item-link-full_width elementor-invisible elementor-widget elementor-widget-icon-list\" data-id=\"19c96010\" data-element_type=\"widget\" data-settings=\"{&quot;_animation&quot;:&quot;slideInLeft&quot;}\" data-widget_type=\"icon-list.default\">\n\t\t\t\t<div class=\"elementor-widget-container\">\n\t\t\t\t\t\t\t<ul class=\"elementor-icon-list-items elementor-inline-items\">\n\t\t\t\t\t\t\t<li class=\"elementor-icon-list-item elementor-inline-item\">\n\t\t\t\t\t\t\t\t\t\t\t<a href=\"http:\/\/mg2isarl.com\/\">\n\n\t\t\t\t\t\t\t\t\t\t\t<span class=\"elementor-icon-list-text\">Accueil<\/span>\n\t\t\t\t\t\t\t\t\t\t\t<\/a>\n\t\t\t\t\t\t\t\t\t<\/li>\n\t\t\t\t\t\t\t\t<li class=\"elementor-icon-list-item elementor-inline-item\">\n\t\t\t\t\t\t\t\t\t\t\t<a href=\"http:\/\/mg2isarl.com\/index.php\/construction-et-renovation\/\">\n\n\t\t\t\t\t\t\t\t\t\t\t\t<span class=\"elementor-icon-list-icon\">\n\t\t\t\t\t\t\t<svg aria-hidden=\"true\" class=\"e-font-icon-svg e-fas-chevron-right\" viewBox=\"0 0 320 512\" xmlns=\"http:\/\/www.w3.org\/2000\/svg\"><path d=\"M285.476 272.971L91.132 467.314c-9.373 9.373-24.569 9.373-33.941 0l-22.667-22.667c-9.357-9.357-9.375-24.522-.04-33.901L188.505 256 34.484 101.255c-9.335-9.379-9.317-24.544.04-33.901l22.667-22.667c9.373-9.373 24.569-9.373 33.941 0L285.475 239.03c9.373 9.372 9.373 24.568.001 33.941z\"><\/path><\/svg>\t\t\t\t\t\t<\/span>\n\t\t\t\t\t\t\t\t\t\t<span class=\"elementor-icon-list-text\">Construction et R\u00e9novation<\/span>\n\t\t\t\t\t\t\t\t\t\t\t<\/a>\n\t\t\t\t\t\t\t\t\t<\/li>\n\t\t\t\t\t\t<\/ul>\n\t\t\t\t\t\t<\/div>\n\t\t\t\t<\/div>\n\t\t\t\t\t<\/div>\n\t\t<\/div>\n\t\t\t\t\t<\/div>\n\t\t<\/section>\n\t\t\t\t\t<\/div>\n\t\t<\/div>\n\t\t\t\t\t<\/div>\n\t\t<\/section>\n\t\t\t\t<section class=\"elementor-section elementor-top-section elementor-element elementor-element-37d647f3 elementor-section-boxed elementor-section-height-default elementor-section-height-default\" data-id=\"37d647f3\" data-element_type=\"section\" data-settings=\"{&quot;_ha_eqh_enable&quot;:false}\">\n\t\t\t\t\t\t<div class=\"elementor-container elementor-column-gap-default\">\n\t\t\t\t\t<div class=\"elementor-column elementor-col-50 elementor-top-column elementor-element elementor-element-49d0f5a0\" data-id=\"49d0f5a0\" data-element_type=\"column\">\n\t\t\t<div class=\"elementor-widget-wrap elementor-element-populated\">\n\t\t\t\t\t\t<section class=\"elementor-section elementor-inner-section elementor-element elementor-element-605825dd elementor-section-boxed elementor-section-height-default elementor-section-height-default\" data-id=\"605825dd\" data-element_type=\"section\" data-settings=\"{&quot;_ha_eqh_enable&quot;:false}\">\n\t\t\t\t\t\t<div class=\"elementor-container elementor-column-gap-default\">\n\t\t\t\t\t<div class=\"elementor-column elementor-col-100 elementor-inner-column elementor-element elementor-element-49dce97b\" data-id=\"49dce97b\" data-element_type=\"column\">\n\t\t\t<div class=\"elementor-widget-wrap elementor-element-populated\">\n\t\t\t\t\t\t<div class=\"elementor-element elementor-element-4f4fa86 elementor-invisible elementor-widget elementor-widget-image\" data-id=\"4f4fa86\" data-element_type=\"widget\" data-settings=\"{&quot;_animation&quot;:&quot;slideInLeft&quot;}\" data-widget_type=\"image.default\">\n\t\t\t\t<div class=\"elementor-widget-container\">\n\t\t\t\t\t\t\t\t\t\t\t\t\t\t\t<img fetchpriority=\"high\" decoding=\"async\" width=\"1080\" height=\"716\" src=\"https:\/\/mg2isarl.com\/wp-content\/uploads\/2025\/01\/the-roof-is-covered-with-bituminous-shingles-of-brown-color-quality-roofing.jpg\" class=\"attachment-full size-full wp-image-356\" alt=\"\" srcset=\"https:\/\/mg2isarl.com\/wp-content\/uploads\/2025\/01\/the-roof-is-covered-with-bituminous-shingles-of-brown-color-quality-roofing.jpg 1080w, https:\/\/mg2isarl.com\/wp-content\/uploads\/2025\/01\/the-roof-is-covered-with-bituminous-shingles-of-brown-color-quality-roofing-300x199.jpg 300w, https:\/\/mg2isarl.com\/wp-content\/uploads\/2025\/01\/the-roof-is-covered-with-bituminous-shingles-of-brown-color-quality-roofing-1024x679.jpg 1024w, https:\/\/mg2isarl.com\/wp-content\/uploads\/2025\/01\/the-roof-is-covered-with-bituminous-shingles-of-brown-color-quality-roofing-768x509.jpg 768w\" sizes=\"(max-width: 1080px) 100vw, 1080px\" \/>\t\t\t\t\t\t\t\t\t\t\t\t\t\t\t<\/div>\n\t\t\t\t<\/div>\n\t\t\t\t\t<\/div>\n\t\t<\/div>\n\t\t\t\t\t<\/div>\n\t\t<\/section>\n\t\t\t\t\t<\/div>\n\t\t<\/div>\n\t\t\t\t<div class=\"elementor-column elementor-col-50 elementor-top-column elementor-element elementor-element-ef65dba\" data-id=\"ef65dba\" data-element_type=\"column\">\n\t\t\t<div class=\"elementor-widget-wrap elementor-element-populated\">\n\t\t\t\t\t\t<div class=\"elementor-element elementor-element-5131b7e elementor-widget__width-initial elementor-widget elementor-widget-text-editor\" data-id=\"5131b7e\" data-element_type=\"widget\" data-widget_type=\"text-editor.default\">\n\t\t\t\t<div class=\"elementor-widget-container\">\n\t\t\t\t\t\t\t\t\t<p>\u00a0<span class=\"fontstyle0\">B\u00e9n\u00e9ficiez de notre expertise dans la construction et la r\u00e9novation de b\u00e2timents.<br \/><\/span><\/p><p><span class=\"fontstyle0\">La construction de b\u00e2timents est un art que nous pratiquons depuis plus de 4 ans, avec tout le professionnalisme que cela requiert. En tant qu\u2019entreprise de construction ayant fait ses preuves en C\u00f4te d\u2019Ivoire, notre savoir-faire vous offre la garantie de la mise en \u0153uvre effective de vos projets de construction, d\u2019am\u00e9nagement ou de r\u00e9novation. <\/span><span class=\"fontstyle2\">MG2I <\/span><span class=\"fontstyle0\">reste votre partenaire privil\u00e9gi\u00e9 pour faire sortir de terre o\u00f9 remettre \u00e0 neuf la maison ou le b\u00e2timent de vos r\u00eaves.<\/span><\/p>\t\t\t\t\t\t\t\t<\/div>\n\t\t\t\t<\/div>\n\t\t\t\t\t<\/div>\n\t\t<\/div>\n\t\t\t\t\t<\/div>\n\t\t<\/section>\n\t\t\t\t<section class=\"elementor-section elementor-top-section elementor-element elementor-element-7133081c elementor-section-boxed elementor-section-height-default elementor-section-height-default\" data-id=\"7133081c\" data-element_type=\"section\" data-settings=\"{&quot;background_background&quot;:&quot;classic&quot;,&quot;_ha_eqh_enable&quot;:false}\">\n\t\t\t\t\t\t<div class=\"elementor-container elementor-column-gap-default\">\n\t\t\t\t\t<div class=\"elementor-column elementor-col-100 elementor-top-column elementor-element elementor-element-5024decb\" data-id=\"5024decb\" data-element_type=\"column\">\n\t\t\t<div class=\"elementor-widget-wrap elementor-element-populated\">\n\t\t\t\t\t\t<section class=\"elementor-section elementor-inner-section elementor-element elementor-element-eeef963 elementor-section-content-middle elementor-section-boxed elementor-section-height-default elementor-section-height-default\" data-id=\"eeef963\" data-element_type=\"section\" data-settings=\"{&quot;_ha_eqh_enable&quot;:false}\">\n\t\t\t\t\t\t<div class=\"elementor-container elementor-column-gap-default\">\n\t\t\t\t\t<div class=\"elementor-column elementor-col-50 elementor-inner-column elementor-element elementor-element-250f2901\" data-id=\"250f2901\" data-element_type=\"column\">\n\t\t\t<div class=\"elementor-widget-wrap elementor-element-populated\">\n\t\t\t\t\t\t<div class=\"elementor-element elementor-element-75269d3f elementor-widget elementor-widget-heading\" data-id=\"75269d3f\" data-element_type=\"widget\" data-widget_type=\"heading.default\">\n\t\t\t\t<div class=\"elementor-widget-container\">\n\t\t\t\t\t<div class=\"elementor-heading-title elementor-size-default\">Construction de b\u00e2timents r\u00e9sidentiel, commercial et autres types: de la\nconception \u00e0 la finition<\/div>\t\t\t\t<\/div>\n\t\t\t\t<\/div>\n\t\t\t\t<div class=\"elementor-element elementor-element-4a27f641 elementor-widget__width-initial elementor-widget elementor-widget-text-editor\" data-id=\"4a27f641\" data-element_type=\"widget\" data-widget_type=\"text-editor.default\">\n\t\t\t\t<div class=\"elementor-widget-container\">\n\t\t\t\t\t\t\t\t\t<p>\u00a0<span class=\"fontstyle0\">Qu\u2019il s\u2019agisse d\u2019un b\u00e2timent d\u2019habitation, d\u2019un centre commercial, d\u2019un \u00e9tablissement sanitaire, scolaire ou social, d\u2019un centre de loisirs ou sportif, nous disposons des moyens humains, mat\u00e9riels et techniques n\u00e9cessaires \u00e0 la r\u00e9alisation de toutes les \u00e9tapes de la construction, de l\u2019am\u00e9nagement ou de la remise \u00e0 neuf. Une \u00e9quipe professionnelle et qualifi\u00e9e et une assistance personnalis\u00e9e vous accompagnent tout au long des travaux pour assurer leur bonne ex\u00e9cution.<\/span> <\/p>\t\t\t\t\t\t\t\t<\/div>\n\t\t\t\t<\/div>\n\t\t\t\t<div class=\"elementor-element elementor-element-2b7000a5 elementor-widget elementor-widget-spacer\" data-id=\"2b7000a5\" data-element_type=\"widget\" data-widget_type=\"spacer.default\">\n\t\t\t\t<div class=\"elementor-widget-container\">\n\t\t\t\t\t\t\t<div class=\"elementor-spacer\">\n\t\t\t<div class=\"elementor-spacer-inner\"><\/div>\n\t\t<\/div>\n\t\t\t\t\t\t<\/div>\n\t\t\t\t<\/div>\n\t\t\t\t\t<\/div>\n\t\t<\/div>\n\t\t\t\t<div class=\"elementor-column elementor-col-50 elementor-inner-column elementor-element elementor-element-523031b\" data-id=\"523031b\" data-element_type=\"column\">\n\t\t\t<div class=\"elementor-widget-wrap elementor-element-populated\">\n\t\t\t\t\t\t<div class=\"elementor-element elementor-element-44719fb1 elementor-invisible elementor-widget elementor-widget-image\" data-id=\"44719fb1\" data-element_type=\"widget\" data-settings=\"{&quot;_animation&quot;:&quot;slideInRight&quot;}\" data-widget_type=\"image.default\">\n\t\t\t\t<div class=\"elementor-widget-container\">\n\t\t\t\t\t\t\t\t\t\t\t\t\t\t\t<img decoding=\"async\" width=\"1080\" height=\"720\" src=\"https:\/\/mg2isarl.com\/wp-content\/uploads\/2025\/01\/roof-and-gutters-cleaning.jpg\" class=\"attachment-full size-full wp-image-360\" alt=\"\" srcset=\"https:\/\/mg2isarl.com\/wp-content\/uploads\/2025\/01\/roof-and-gutters-cleaning.jpg 1080w, https:\/\/mg2isarl.com\/wp-content\/uploads\/2025\/01\/roof-and-gutters-cleaning-300x200.jpg 300w, https:\/\/mg2isarl.com\/wp-content\/uploads\/2025\/01\/roof-and-gutters-cleaning-1024x683.jpg 1024w, https:\/\/mg2isarl.com\/wp-content\/uploads\/2025\/01\/roof-and-gutters-cleaning-768x512.jpg 768w\" sizes=\"(max-width: 1080px) 100vw, 1080px\" \/>\t\t\t\t\t\t\t\t\t\t\t\t\t\t\t<\/div>\n\t\t\t\t<\/div>\n\t\t\t\t\t<\/div>\n\t\t<\/div>\n\t\t\t\t\t<\/div>\n\t\t<\/section>\n\t\t\t\t\t<\/div>\n\t\t<\/div>\n\t\t\t\t\t<\/div>\n\t\t<\/section>\n\t\t\t\t<section class=\"elementor-section elementor-top-section elementor-element elementor-element-2511264 elementor-section-boxed elementor-section-height-default elementor-section-height-default\" data-id=\"2511264\" data-element_type=\"section\" data-settings=\"{&quot;_ha_eqh_enable&quot;:false}\">\n\t\t\t\t\t\t<div class=\"elementor-container elementor-column-gap-default\">\n\t\t\t\t\t<div class=\"elementor-column elementor-col-50 elementor-top-column elementor-element elementor-element-077bc0c\" data-id=\"077bc0c\" data-element_type=\"column\">\n\t\t\t<div class=\"elementor-widget-wrap elementor-element-populated\">\n\t\t\t\t\t\t<div class=\"elementor-element elementor-element-658698f elementor-widget elementor-widget-heading\" data-id=\"658698f\" data-element_type=\"widget\" data-widget_type=\"heading.default\">\n\t\t\t\t<div class=\"elementor-widget-container\">\n\t\t\t\t\t<h2 class=\"elementor-heading-title elementor-size-default\">Mise en valeur de votre b\u00e2timent par des professionnels du m\u00e9tier<\/h2>\t\t\t\t<\/div>\n\t\t\t\t<\/div>\n\t\t\t\t<div class=\"elementor-element elementor-element-b1c0d3f elementor-widget__width-initial elementor-widget elementor-widget-text-editor\" data-id=\"b1c0d3f\" data-element_type=\"widget\" data-widget_type=\"text-editor.default\">\n\t\t\t\t<div class=\"elementor-widget-container\">\n\t\t\t\t\t\t\t\t\t<p>\u00a0<span class=\"fontstyle0\">Pour votre confort et pour rendre votre construction aussi chaleureuse qu\u2019elle puisse l\u2019\u00eatre, nous disposons d\u2019une \u00e9quipe de professionnels des m\u00e9tiers du b\u00e2timent les plus demand\u00e9s, provenant de plusieurs pays d\u2019Afrique de l\u2019Ouest, mettant en commun leurs comp\u00e9tences et offrant des prestations de service tr\u00e8s appr\u00e9ci\u00e9es dans la sous r\u00e9gion.<\/span><\/p><p><span class=\"fontstyle0\">Nous sommes en mesure de d\u00e9tacher notre personnel pour des travaux ponctuels d\u2019\u00e9lectricit\u00e9, de plomberie, de chauffage, de peinture et bien d\u2019autres dans le cadre de la r\u00e9novation ou de l\u2019extension d\u2019un b\u00e2timent.<\/span> <\/p>\t\t\t\t\t\t\t\t<\/div>\n\t\t\t\t<\/div>\n\t\t\t\t\t<\/div>\n\t\t<\/div>\n\t\t\t\t<div class=\"elementor-column elementor-col-50 elementor-top-column elementor-element elementor-element-9dacb8a\" data-id=\"9dacb8a\" data-element_type=\"column\">\n\t\t\t<div class=\"elementor-widget-wrap elementor-element-populated\">\n\t\t\t\t\t\t<section class=\"elementor-section elementor-inner-section elementor-element elementor-element-5e31a4a elementor-section-boxed elementor-section-height-default elementor-section-height-default\" data-id=\"5e31a4a\" data-element_type=\"section\" data-settings=\"{&quot;_ha_eqh_enable&quot;:false}\">\n\t\t\t\t\t\t<div class=\"elementor-container elementor-column-gap-default\">\n\t\t\t\t\t<div class=\"elementor-column elementor-col-100 elementor-inner-column elementor-element elementor-element-1801d90\" data-id=\"1801d90\" data-element_type=\"column\">\n\t\t\t<div class=\"elementor-widget-wrap elementor-element-populated\">\n\t\t\t\t\t\t<div class=\"elementor-element elementor-element-981e659 elementor-invisible elementor-widget elementor-widget-image\" data-id=\"981e659\" data-element_type=\"widget\" data-settings=\"{&quot;_animation&quot;:&quot;slideInLeft&quot;}\" data-widget_type=\"image.default\">\n\t\t\t\t<div class=\"elementor-widget-container\">\n\t\t\t\t\t\t\t\t\t\t\t\t\t\t\t<img fetchpriority=\"high\" decoding=\"async\" width=\"1080\" height=\"716\" src=\"https:\/\/mg2isarl.com\/wp-content\/uploads\/2025\/01\/the-roof-is-covered-with-bituminous-shingles-of-brown-color-quality-roofing.jpg\" class=\"attachment-full size-full wp-image-356\" alt=\"\" srcset=\"https:\/\/mg2isarl.com\/wp-content\/uploads\/2025\/01\/the-roof-is-covered-with-bituminous-shingles-of-brown-color-quality-roofing.jpg 1080w, https:\/\/mg2isarl.com\/wp-content\/uploads\/2025\/01\/the-roof-is-covered-with-bituminous-shingles-of-brown-color-quality-roofing-300x199.jpg 300w, https:\/\/mg2isarl.com\/wp-content\/uploads\/2025\/01\/the-roof-is-covered-with-bituminous-shingles-of-brown-color-quality-roofing-1024x679.jpg 1024w, https:\/\/mg2isarl.com\/wp-content\/uploads\/2025\/01\/the-roof-is-covered-with-bituminous-shingles-of-brown-color-quality-roofing-768x509.jpg 768w\" sizes=\"(max-width: 1080px) 100vw, 1080px\" \/>\t\t\t\t\t\t\t\t\t\t\t\t\t\t\t<\/div>\n\t\t\t\t<\/div>\n\t\t\t\t\t<\/div>\n\t\t<\/div>\n\t\t\t\t\t<\/div>\n\t\t<\/section>\n\t\t\t\t\t<\/div>\n\t\t<\/div>\n\t\t\t\t\t<\/div>\n\t\t<\/section>\n\t\t\t\t<\/div>\n\t\t","protected":false},"excerpt":{"rendered":"<p>Construction et R\u00e9novation \u00a0Notre Expertise \u00e0 votre disposition Accueil Construction et R\u00e9novation \u00a0B\u00e9n\u00e9ficiez de notre expertise dans la construction et la r\u00e9novation de b\u00e2timents. La construction de b\u00e2timents est un art que nous pratiquons depuis plus de 4 ans, avec tout le professionnalisme que cela requiert. En tant qu\u2019entreprise de construction ayant fait ses preuves [&hellip;]<\/p>\n","protected":false},"author":1,"featured_media":0,"parent":0,"menu_order":0,"comment_status":"closed","ping_status":"closed","template":"elementor_header_footer","meta":{"footnotes":""},"class_list":["post-352","page","type-page","status-publish","hentry"],"blocksy_meta":[],"_links":{"self":[{"href":"http:\/\/mg2isarl.com\/index.php\/wp-json\/wp\/v2\/pages\/352","targetHints":{"allow":["GET"]}}],"collection":[{"href":"http:\/\/mg2isarl.com\/index.php\/wp-json\/wp\/v2\/pages"}],"about":[{"href":"http:\/\/mg2isarl.com\/index.php\/wp-json\/wp\/v2\/types\/page"}],"author":[{"embeddable":true,"href":"http:\/\/mg2isarl.com\/index.php\/wp-json\/wp\/v2\/users\/1"}],"replies":[{"embeddable":true,"href":"http:\/\/mg2isarl.com\/index.php\/wp-json\/wp\/v2\/comments?post=352"}],"version-history":[{"count":22,"href":"http:\/\/mg2isarl.com\/index.php\/wp-json\/wp\/v2\/pages\/352\/revisions"}],"predecessor-version":[{"id":388,"href":"http:\/\/mg2isarl.com\/index.php\/wp-json\/wp\/v2\/pages\/352\/revisions\/388"}],"wp:attachment":[{"href":"http:\/\/mg2isarl.com\/index.php\/wp-json\/wp\/v2\/media?parent=352"}],"curies":[{"name":"wp","href":"https:\/\/api.w.org\/{rel}","templated":true}]}}